{"id":70,"date":"2018-08-24T13:19:34","date_gmt":"2018-08-24T13:19:34","guid":{"rendered":"http:\/\/corgabriels.nl\/?page_id=70"},"modified":"2025-08-08T15:24:52","modified_gmt":"2025-08-08T15:24:52","slug":"hsp-de-vrolijke-viervoeter","status":"publish","type":"page","link":"https:\/\/corgabriels.nl\/?page_id=70","title":{"rendered":"HSP De Vrolijke Viervoeters"},"content":{"rendered":"\n<p>Opgericht : mei 2016<br>Initiatiefnemer : Simone Schenkelaars\/Miranda van Akkeren<br>Lokatie : Roosendaal, wijk Kalsdonk, Heilig Hartplein<br>Openingstijden : Onbeperkt<br>Website\/Facebook : <a href=\"https:\/\/www.facebook.com\/groups\/678864908901984\/\">Facebook HSP De Vrolijke Viervoeters<\/a><\/p>\n\n\n\n<figure class=\"wp-block-image size-full\"><img loading=\"lazy\" decoding=\"async\" width=\"938\" height=\"814\" src=\"https:\/\/corgabriels.nl\/wp-content\/uploads\/2025\/08\/Schermafbeelding-2025-08-08-171302.jpg\" alt=\"\" class=\"wp-image-1314\"\/><\/figure>\n\n\n\n<p><\/p>\n\n\n\n<p>HSP Kalsdonk, later omgedoopt tot HSP De Vrolijke Viervoeters ligt op een centrale plek in de wijk Kalsdonk en is eigenlijk het resultaat van het samengaan van 2 HSP initiatieven. Initieel waren er 2 initiatiefteams, \u00e9\u00e9n in de Parklaan die men specifiek voor kleine hondjes wilde oprichten en \u00e9\u00e9n voor alle honden een stuk verderop in de wijk. Door tegenstand van omwonenden in de Parklaan ging die eerste uiteindelijk niet door maar de andere is geworden tot een van de meer succesvolle HSP&#8217;s in de gemeente Roosendaal. Dit komt vooral door de vele vrijwilligers maar ook de ligging van de HSP, midden in een drukke woonwijk, maakt dat dit een succes is geworden.<\/p>\n\n\n\n<p>Update augustus 2025 :<br>Beheerder van deze HSP is Ilona Goos.<\/p>\n\n\n\n<p>Recente foto&#8217;s :<\/p>\n\n\n\n<figure class=\"wp-block-gallery has-nested-images columns-default is-cropped wp-block-gallery-1 is-layout-flex wp-block-gallery-is-layout-flex\">\n<figure class=\"wp-block-image size-large\"><img loading=\"lazy\" decoding=\"async\" width=\"300\" height=\"168\" data-id=\"294\" src=\"https:\/\/corgabriels.nl\/wp-content\/uploads\/2019\/04\/13179303_1162736297093202_7993819908432123482_n-e1555175828938.jpg\" alt=\"\" class=\"wp-image-294\"\/><\/figure>\n\n\n\n<figure class=\"wp-block-image size-large\"><img loading=\"lazy\" decoding=\"async\" width=\"960\" height=\"720\" data-id=\"321\" src=\"https:\/\/corgabriels.nl\/wp-content\/uploads\/2019\/04\/VV1.jpg\" alt=\"\" class=\"wp-image-321\" srcset=\"https:\/\/corgabriels.nl\/wp-content\/uploads\/2019\/04\/VV1.jpg 960w, https:\/\/corgabriels.nl\/wp-content\/uploads\/2019\/04\/VV1-300x225.jpg 300w, https:\/\/corgabriels.nl\/wp-content\/uploads\/2019\/04\/VV1-768x576.jpg 768w, https:\/\/corgabriels.nl\/wp-content\/uploads\/2019\/04\/VV1-640x480.jpg 640w, https:\/\/corgabriels.nl\/wp-content\/uploads\/2019\/04\/VV1-100x75.jpg 100w\" sizes=\"auto, (max-width: 960px) 100vw, 960px\" \/><\/figure>\n\n\n\n<figure class=\"wp-block-image size-large\"><img loading=\"lazy\" decoding=\"async\" width=\"960\" height=\"720\" data-id=\"322\" src=\"https:\/\/corgabriels.nl\/wp-content\/uploads\/2019\/04\/VV2.jpg\" alt=\"\" class=\"wp-image-322\" srcset=\"https:\/\/corgabriels.nl\/wp-content\/uploads\/2019\/04\/VV2.jpg 960w, https:\/\/corgabriels.nl\/wp-content\/uploads\/2019\/04\/VV2-300x225.jpg 300w, https:\/\/corgabriels.nl\/wp-content\/uploads\/2019\/04\/VV2-768x576.jpg 768w, https:\/\/corgabriels.nl\/wp-content\/uploads\/2019\/04\/VV2-640x480.jpg 640w, https:\/\/corgabriels.nl\/wp-content\/uploads\/2019\/04\/VV2-100x75.jpg 100w\" sizes=\"auto, (max-width: 960px) 100vw, 960px\" \/><\/figure>\n\n\n\n<figure class=\"wp-block-image size-large\"><img loading=\"lazy\" decoding=\"async\" width=\"720\" height=\"960\" data-id=\"323\" src=\"https:\/\/corgabriels.nl\/wp-content\/uploads\/2019\/04\/VV3.jpg\" alt=\"\" class=\"wp-image-323\" srcset=\"https:\/\/corgabriels.nl\/wp-content\/uploads\/2019\/04\/VV3.jpg 720w, https:\/\/corgabriels.nl\/wp-content\/uploads\/2019\/04\/VV3-225x300.jpg 225w, https:\/\/corgabriels.nl\/wp-content\/uploads\/2019\/04\/VV3-360x480.jpg 360w, https:\/\/corgabriels.nl\/wp-content\/uploads\/2019\/04\/VV3-75x100.jpg 75w\" sizes=\"auto, (max-width: 720px) 100vw, 720px\" \/><\/figure>\n\n\n\n<figure class=\"wp-block-image size-large\"><img loading=\"lazy\" decoding=\"async\" width=\"720\" height=\"960\" data-id=\"324\" src=\"https:\/\/corgabriels.nl\/wp-content\/uploads\/2019\/04\/VV4.jpg\" alt=\"\" class=\"wp-image-324\" srcset=\"https:\/\/corgabriels.nl\/wp-content\/uploads\/2019\/04\/VV4.jpg 720w, https:\/\/corgabriels.nl\/wp-content\/uploads\/2019\/04\/VV4-225x300.jpg 225w, https:\/\/corgabriels.nl\/wp-content\/uploads\/2019\/04\/VV4-360x480.jpg 360w, https:\/\/corgabriels.nl\/wp-content\/uploads\/2019\/04\/VV4-75x100.jpg 75w\" sizes=\"auto, (max-width: 720px) 100vw, 720px\" \/><\/figure>\n\n\n\n<figure class=\"wp-block-image size-large\"><img loading=\"lazy\" decoding=\"async\" width=\"768\" height=\"1024\" data-id=\"1317\" src=\"https:\/\/corgabriels.nl\/wp-content\/uploads\/2025\/08\/04D1C24D-359E-4226-9ECC-9863C8B9D32B-768x1024.jpeg\" alt=\"\" class=\"wp-image-1317\" srcset=\"https:\/\/corgabriels.nl\/wp-content\/uploads\/2025\/08\/04D1C24D-359E-4226-9ECC-9863C8B9D32B-768x1024.jpeg 768w, https:\/\/corgabriels.nl\/wp-content\/uploads\/2025\/08\/04D1C24D-359E-4226-9ECC-9863C8B9D32B-225x300.jpeg 225w, https:\/\/corgabriels.nl\/wp-content\/uploads\/2025\/08\/04D1C24D-359E-4226-9ECC-9863C8B9D32B-1152x1536.jpeg 1152w, https:\/\/corgabriels.nl\/wp-content\/uploads\/2025\/08\/04D1C24D-359E-4226-9ECC-9863C8B9D32B-1536x2048.jpeg 1536w, https:\/\/corgabriels.nl\/wp-content\/uploads\/2025\/08\/04D1C24D-359E-4226-9ECC-9863C8B9D32B-scaled.jpeg 1920w\" sizes=\"auto, (max-width: 768px) 100vw, 768px\" \/><\/figure>\n\n\n\n<figure class=\"wp-block-image size-large\"><img decoding=\"async\" data-id=\"1318\" src=\"https:\/\/corgabriels.nl\/wp-content\/uploads\/2025\/08\/D07C70C9-9232-4F2B-BBEA-F78E8C312558.jpeg\" alt=\"\" class=\"wp-image-1318\"\/><\/figure>\n\n\n\n<figure class=\"wp-block-image size-large\"><img decoding=\"async\" data-id=\"1322\" src=\"https:\/\/corgabriels.nl\/wp-content\/uploads\/2025\/08\/IMG_3357.jpg\" alt=\"\" class=\"wp-image-1322\"\/><\/figure>\n\n\n\n<figure class=\"wp-block-image size-large\"><img loading=\"lazy\" decoding=\"async\" width=\"1024\" height=\"768\" data-id=\"1329\" src=\"https:\/\/corgabriels.nl\/wp-content\/uploads\/2025\/08\/IMG_3352-1-1024x768.jpg\" alt=\"\" class=\"wp-image-1329\" srcset=\"https:\/\/corgabriels.nl\/wp-content\/uploads\/2025\/08\/IMG_3352-1-1024x768.jpg 1024w, https:\/\/corgabriels.nl\/wp-content\/uploads\/2025\/08\/IMG_3352-1-300x225.jpg 300w, https:\/\/corgabriels.nl\/wp-content\/uploads\/2025\/08\/IMG_3352-1-768x576.jpg 768w, https:\/\/corgabriels.nl\/wp-content\/uploads\/2025\/08\/IMG_3352-1-1536x1152.jpg 1536w, https:\/\/corgabriels.nl\/wp-content\/uploads\/2025\/08\/IMG_3352-1-2048x1536.jpg 2048w\" sizes=\"auto, (max-width: 1024px) 100vw, 1024px\" \/><\/figure>\n\n\n\n<figure class=\"wp-block-image size-large\"><img loading=\"lazy\" decoding=\"async\" width=\"1024\" height=\"768\" data-id=\"1330\" src=\"https:\/\/corgabriels.nl\/wp-content\/uploads\/2025\/08\/IMG_3353-1024x768.jpg\" alt=\"\" class=\"wp-image-1330\" srcset=\"https:\/\/corgabriels.nl\/wp-content\/uploads\/2025\/08\/IMG_3353-1024x768.jpg 1024w, https:\/\/corgabriels.nl\/wp-content\/uploads\/2025\/08\/IMG_3353-300x225.jpg 300w, https:\/\/corgabriels.nl\/wp-content\/uploads\/2025\/08\/IMG_3353-768x576.jpg 768w, https:\/\/corgabriels.nl\/wp-content\/uploads\/2025\/08\/IMG_3353-1536x1152.jpg 1536w, https:\/\/corgabriels.nl\/wp-content\/uploads\/2025\/08\/IMG_3353-2048x1536.jpg 2048w\" sizes=\"auto, (max-width: 1024px) 100vw, 1024px\" \/><\/figure>\n\n\n\n<figure class=\"wp-block-image size-large\"><img loading=\"lazy\" decoding=\"async\" width=\"1024\" height=\"768\" data-id=\"1331\" src=\"https:\/\/corgabriels.nl\/wp-content\/uploads\/2025\/08\/IMG_3354-1-1024x768.jpg\" alt=\"\" class=\"wp-image-1331\" srcset=\"https:\/\/corgabriels.nl\/wp-content\/uploads\/2025\/08\/IMG_3354-1-1024x768.jpg 1024w, https:\/\/corgabriels.nl\/wp-content\/uploads\/2025\/08\/IMG_3354-1-300x225.jpg 300w, https:\/\/corgabriels.nl\/wp-content\/uploads\/2025\/08\/IMG_3354-1-768x576.jpg 768w, https:\/\/corgabriels.nl\/wp-content\/uploads\/2025\/08\/IMG_3354-1-1536x1152.jpg 1536w, https:\/\/corgabriels.nl\/wp-content\/uploads\/2025\/08\/IMG_3354-1-2048x1536.jpg 2048w\" sizes=\"auto, (max-width: 1024px) 100vw, 1024px\" \/><\/figure>\n\n\n\n<figure class=\"wp-block-image size-large\"><img decoding=\"async\" data-id=\"1336\" src=\"https:\/\/corgabriels.nl\/wp-content\/uploads\/2025\/08\/IMG_3369.jpg\" alt=\"\" class=\"wp-image-1336\"\/><\/figure>\n\n\n\n<figure class=\"wp-block-image size-large\"><img loading=\"lazy\" decoding=\"async\" width=\"1024\" height=\"768\" data-id=\"1333\" src=\"https:\/\/corgabriels.nl\/wp-content\/uploads\/2025\/08\/IMG_3361-1024x768.jpg\" alt=\"\" class=\"wp-image-1333\" srcset=\"https:\/\/corgabriels.nl\/wp-content\/uploads\/2025\/08\/IMG_3361-1024x768.jpg 1024w, https:\/\/corgabriels.nl\/wp-content\/uploads\/2025\/08\/IMG_3361-300x225.jpg 300w, https:\/\/corgabriels.nl\/wp-content\/uploads\/2025\/08\/IMG_3361-768x576.jpg 768w, https:\/\/corgabriels.nl\/wp-content\/uploads\/2025\/08\/IMG_3361-1536x1152.jpg 1536w, https:\/\/corgabriels.nl\/wp-content\/uploads\/2025\/08\/IMG_3361-2048x1536.jpg 2048w\" sizes=\"auto, (max-width: 1024px) 100vw, 1024px\" \/><\/figure>\n\n\n\n<figure class=\"wp-block-image size-large\"><img loading=\"lazy\" decoding=\"async\" width=\"768\" height=\"1024\" data-id=\"1334\" src=\"https:\/\/corgabriels.nl\/wp-content\/uploads\/2025\/08\/IMG_3363-1-768x1024.jpg\" alt=\"\" class=\"wp-image-1334\" srcset=\"https:\/\/corgabriels.nl\/wp-content\/uploads\/2025\/08\/IMG_3363-1-768x1024.jpg 768w, https:\/\/corgabriels.nl\/wp-content\/uploads\/2025\/08\/IMG_3363-1-225x300.jpg 225w, https:\/\/corgabriels.nl\/wp-content\/uploads\/2025\/08\/IMG_3363-1-1152x1536.jpg 1152w, https:\/\/corgabriels.nl\/wp-content\/uploads\/2025\/08\/IMG_3363-1-1536x2048.jpg 1536w, https:\/\/corgabriels.nl\/wp-content\/uploads\/2025\/08\/IMG_3363-1-scaled.jpg 1920w\" sizes=\"auto, (max-width: 768px) 100vw, 768px\" \/><\/figure>\n\n\n\n<figure class=\"wp-block-image size-large\"><img loading=\"lazy\" decoding=\"async\" width=\"1024\" height=\"768\" data-id=\"1327\" src=\"https:\/\/corgabriels.nl\/wp-content\/uploads\/2025\/08\/IMG_3618-1024x768.jpg\" alt=\"\" class=\"wp-image-1327\" srcset=\"https:\/\/corgabriels.nl\/wp-content\/uploads\/2025\/08\/IMG_3618-1024x768.jpg 1024w, https:\/\/corgabriels.nl\/wp-content\/uploads\/2025\/08\/IMG_3618-300x225.jpg 300w, https:\/\/corgabriels.nl\/wp-content\/uploads\/2025\/08\/IMG_3618-768x576.jpg 768w, https:\/\/corgabriels.nl\/wp-content\/uploads\/2025\/08\/IMG_3618-1536x1152.jpg 1536w, https:\/\/corgabriels.nl\/wp-content\/uploads\/2025\/08\/IMG_3618-2048x1536.jpg 2048w\" sizes=\"auto, (max-width: 1024px) 100vw, 1024px\" \/><\/figure>\n\n\n\n<figure class=\"wp-block-image size-large\"><img loading=\"lazy\" decoding=\"async\" width=\"768\" height=\"1024\" data-id=\"1328\" src=\"https:\/\/corgabriels.nl\/wp-content\/uploads\/2025\/08\/IMG_3638-768x1024.jpg\" alt=\"\" class=\"wp-image-1328\" srcset=\"https:\/\/corgabriels.nl\/wp-content\/uploads\/2025\/08\/IMG_3638-768x1024.jpg 768w, https:\/\/corgabriels.nl\/wp-content\/uploads\/2025\/08\/IMG_3638-225x300.jpg 225w, https:\/\/corgabriels.nl\/wp-content\/uploads\/2025\/08\/IMG_3638-1152x1536.jpg 1152w, https:\/\/corgabriels.nl\/wp-content\/uploads\/2025\/08\/IMG_3638-1536x2048.jpg 1536w, https:\/\/corgabriels.nl\/wp-content\/uploads\/2025\/08\/IMG_3638-scaled.jpg 1920w\" sizes=\"auto, (max-width: 768px) 100vw, 768px\" \/><\/figure>\n\n\n\n<figure class=\"wp-block-image size-large\"><img loading=\"lazy\" decoding=\"async\" width=\"768\" height=\"1024\" data-id=\"1316\" src=\"https:\/\/corgabriels.nl\/wp-content\/uploads\/2025\/08\/IMG_3641-768x1024.jpg\" alt=\"\" class=\"wp-image-1316\" srcset=\"https:\/\/corgabriels.nl\/wp-content\/uploads\/2025\/08\/IMG_3641-768x1024.jpg 768w, https:\/\/corgabriels.nl\/wp-content\/uploads\/2025\/08\/IMG_3641-225x300.jpg 225w, https:\/\/corgabriels.nl\/wp-content\/uploads\/2025\/08\/IMG_3641-1152x1536.jpg 1152w, https:\/\/corgabriels.nl\/wp-content\/uploads\/2025\/08\/IMG_3641-1536x2048.jpg 1536w, https:\/\/corgabriels.nl\/wp-content\/uploads\/2025\/08\/IMG_3641-scaled.jpg 1920w\" sizes=\"auto, (max-width: 768px) 100vw, 768px\" \/><\/figure>\n<\/figure>\n","protected":false},"excerpt":{"rendered":"<p>Opgericht : mei 2016Initiatiefnemer : Simone Schenkelaars\/Miranda van AkkerenLokatie : Roosendaal, wijk Kalsdonk, Heilig HartpleinOpeningstijden : OnbeperktWebsite\/Facebook : Facebook HSP De Vrolijke Viervoeters HSP Kalsdonk, later omgedoopt tot HSP De [&hellip;]<\/p>\n","protected":false},"author":1,"featured_media":317,"parent":0,"menu_order":0,"comment_status":"closed","ping_status":"closed","template":"","meta":{"_exactmetrics_skip_tracking":false,"_exactmetrics_sitenote_active":false,"_exactmetrics_sitenote_note":"","_exactmetrics_sitenote_category":0,"footnotes":""},"class_list":["post-70","page","type-page","status-publish","has-post-thumbnail","hentry"],"_links":{"self":[{"href":"https:\/\/corgabriels.nl\/index.php?rest_route=\/wp\/v2\/pages\/70","targetHints":{"allow":["GET"]}}],"collection":[{"href":"https:\/\/corgabriels.nl\/index.php?rest_route=\/wp\/v2\/pages"}],"about":[{"href":"https:\/\/corgabriels.nl\/index.php?rest_route=\/wp\/v2\/types\/page"}],"author":[{"embeddable":true,"href":"https:\/\/corgabriels.nl\/index.php?rest_route=\/wp\/v2\/users\/1"}],"replies":[{"embeddable":true,"href":"https:\/\/corgabriels.nl\/index.php?rest_route=%2Fwp%2Fv2%2Fcomments&post=70"}],"version-history":[{"count":24,"href":"https:\/\/corgabriels.nl\/index.php?rest_route=\/wp\/v2\/pages\/70\/revisions"}],"predecessor-version":[{"id":1337,"href":"https:\/\/corgabriels.nl\/index.php?rest_route=\/wp\/v2\/pages\/70\/revisions\/1337"}],"wp:featuredmedia":[{"embeddable":true,"href":"https:\/\/corgabriels.nl\/index.php?rest_route=\/wp\/v2\/media\/317"}],"wp:attachment":[{"href":"https:\/\/corgabriels.nl\/index.php?rest_route=%2Fwp%2Fv2%2Fmedia&parent=70"}],"curies":[{"name":"wp","href":"https:\/\/api.w.org\/{rel}","templated":true}]}}