{"id":56,"date":"2018-08-24T13:17:58","date_gmt":"2018-08-24T13:17:58","guid":{"rendered":"http:\/\/corgabriels.nl\/?page_id=56"},"modified":"2025-08-09T11:34:26","modified_gmt":"2025-08-09T11:34:26","slug":"hsp-tolberg","status":"publish","type":"page","link":"https:\/\/corgabriels.nl\/?page_id=56","title":{"rendered":"HSP Tolberg"},"content":{"rendered":"\n<p>Opgericht : Februari 2015<br>Initiatiefnemer : Cor Gabri\u00ebls<br>Vrijwilligers : Petra en Ad Jongeneelen, D\u00e9sir\u00e9e en Bernd Missal, Cor en Lia Gabri\u00ebls en andere ad hoc vrijwilligers<br>Lokatie : Roosendaal, wijk Tolberg, Druivenberg<br>Openingstijden : Ongelimiteerd<br>Website\/Facebook : <a href=\"https:\/\/www.facebook.com\/groups\/323188167866020\/\">Facebook HSP Tolberg<\/a><\/p>\n\n\n\n<figure class=\"wp-block-image size-large\"><img loading=\"lazy\" decoding=\"async\" width=\"1024\" height=\"841\" src=\"https:\/\/corgabriels.nl\/wp-content\/uploads\/2025\/08\/Schermafbeelding-2025-08-09-125628-1024x841.jpg\" alt=\"\" class=\"wp-image-1450\" srcset=\"https:\/\/corgabriels.nl\/wp-content\/uploads\/2025\/08\/Schermafbeelding-2025-08-09-125628-1024x841.jpg 1024w, https:\/\/corgabriels.nl\/wp-content\/uploads\/2025\/08\/Schermafbeelding-2025-08-09-125628-300x246.jpg 300w, https:\/\/corgabriels.nl\/wp-content\/uploads\/2025\/08\/Schermafbeelding-2025-08-09-125628-768x631.jpg 768w, https:\/\/corgabriels.nl\/wp-content\/uploads\/2025\/08\/Schermafbeelding-2025-08-09-125628.jpg 1039w\" sizes=\"auto, (max-width: 1024px) 100vw, 1024px\" \/><\/figure>\n\n\n\n<p><\/p>\n\n\n\n<p>HSP Tolberg is de eerste HSP die qua omvang een goede omheinde speellocatie voor honden in de gemeente Roosendaal biedt. Hij ligt tussen een klein parkje dat voorheen van Natuurmonumenten was en de Basisonderwijs school De Heiberg. Er ligt een doorgaand fietspad langs en kent voldoende schaduw in de warme zomers. Er is een watertappunt van Brabant Water aanwezig zodat honden altijd vers schoon water hebben. Qua inrichting hebben we het simpel gehouden, een zitbankje op het verharde deel, 2 grote en 1 kleine autoband om doorheen te springen, een slalom traject met houten palen, 2 keer 2 rioolbuizen om doorheen te lopen die we leuk hebben late beschilderen met hondenprints en een hordenbaantje. Verder gewoon lekker veel ren en speel ruimte!<\/p>\n\n\n\n<figure class=\"wp-block-gallery has-nested-images columns-default is-cropped wp-block-gallery-1 is-layout-flex wp-block-gallery-is-layout-flex\">\n<figure class=\"wp-block-image size-large\"><img loading=\"lazy\" decoding=\"async\" width=\"641\" height=\"909\" data-id=\"347\" src=\"https:\/\/corgabriels.nl\/wp-content\/uploads\/2019\/04\/11044512_10206297921669216_4867141355823391397_n.jpg\" alt=\"\" class=\"wp-image-347\" srcset=\"https:\/\/corgabriels.nl\/wp-content\/uploads\/2019\/04\/11044512_10206297921669216_4867141355823391397_n.jpg 641w, https:\/\/corgabriels.nl\/wp-content\/uploads\/2019\/04\/11044512_10206297921669216_4867141355823391397_n-212x300.jpg 212w, https:\/\/corgabriels.nl\/wp-content\/uploads\/2019\/04\/11044512_10206297921669216_4867141355823391397_n-338x480.jpg 338w, https:\/\/corgabriels.nl\/wp-content\/uploads\/2019\/04\/11044512_10206297921669216_4867141355823391397_n-71x100.jpg 71w\" sizes=\"auto, (max-width: 641px) 100vw, 641px\" \/><\/figure>\n\n\n\n<figure class=\"wp-block-image size-large\"><img loading=\"lazy\" decoding=\"async\" width=\"960\" height=\"720\" data-id=\"348\" src=\"https:\/\/corgabriels.nl\/wp-content\/uploads\/2019\/04\/39453241_10217505978023620_8086683601661329408_n.jpg\" alt=\"\" class=\"wp-image-348\" srcset=\"https:\/\/corgabriels.nl\/wp-content\/uploads\/2019\/04\/39453241_10217505978023620_8086683601661329408_n.jpg 960w, https:\/\/corgabriels.nl\/wp-content\/uploads\/2019\/04\/39453241_10217505978023620_8086683601661329408_n-300x225.jpg 300w, https:\/\/corgabriels.nl\/wp-content\/uploads\/2019\/04\/39453241_10217505978023620_8086683601661329408_n-768x576.jpg 768w, https:\/\/corgabriels.nl\/wp-content\/uploads\/2019\/04\/39453241_10217505978023620_8086683601661329408_n-640x480.jpg 640w, https:\/\/corgabriels.nl\/wp-content\/uploads\/2019\/04\/39453241_10217505978023620_8086683601661329408_n-100x75.jpg 100w\" sizes=\"auto, (max-width: 960px) 100vw, 960px\" \/><\/figure>\n\n\n\n<figure class=\"wp-block-image size-large\"><img loading=\"lazy\" decoding=\"async\" width=\"1024\" height=\"768\" data-id=\"349\" src=\"https:\/\/corgabriels.nl\/wp-content\/uploads\/2019\/04\/11411817_10207158279777631_3616999384288111782_o-1024x768.jpg\" alt=\"\" class=\"wp-image-349\" srcset=\"https:\/\/corgabriels.nl\/wp-content\/uploads\/2019\/04\/11411817_10207158279777631_3616999384288111782_o-1024x768.jpg 1024w, https:\/\/corgabriels.nl\/wp-content\/uploads\/2019\/04\/11411817_10207158279777631_3616999384288111782_o-300x225.jpg 300w, https:\/\/corgabriels.nl\/wp-content\/uploads\/2019\/04\/11411817_10207158279777631_3616999384288111782_o-768x576.jpg 768w, https:\/\/corgabriels.nl\/wp-content\/uploads\/2019\/04\/11411817_10207158279777631_3616999384288111782_o-640x480.jpg 640w, https:\/\/corgabriels.nl\/wp-content\/uploads\/2019\/04\/11411817_10207158279777631_3616999384288111782_o-100x75.jpg 100w, https:\/\/corgabriels.nl\/wp-content\/uploads\/2019\/04\/11411817_10207158279777631_3616999384288111782_o.jpg 2048w\" sizes=\"auto, (max-width: 1024px) 100vw, 1024px\" \/><\/figure>\n<\/figure>\n\n\n\n<p><br><\/p>\n\n\n\n<p>Update augustus 2025 :<br>Beheerder van deze HSP is Bernd Missal.<\/p>\n\n\n\n<p>Recente foto\u2019s :<\/p>\n\n\n\n<figure class=\"wp-block-gallery has-nested-images columns-default is-cropped wp-block-gallery-2 is-layout-flex wp-block-gallery-is-layout-flex\">\n<figure class=\"wp-block-image size-large\"><img loading=\"lazy\" decoding=\"async\" width=\"720\" height=\"960\" data-id=\"1453\" src=\"https:\/\/corgabriels.nl\/wp-content\/uploads\/2025\/08\/106619361_3089295864453444_1543812847947997855_n.jpg\" alt=\"\" class=\"wp-image-1453\" srcset=\"https:\/\/corgabriels.nl\/wp-content\/uploads\/2025\/08\/106619361_3089295864453444_1543812847947997855_n.jpg 720w, https:\/\/corgabriels.nl\/wp-content\/uploads\/2025\/08\/106619361_3089295864453444_1543812847947997855_n-225x300.jpg 225w\" sizes=\"auto, (max-width: 720px) 100vw, 720px\" \/><\/figure>\n\n\n\n<figure class=\"wp-block-image size-large\"><img loading=\"lazy\" decoding=\"async\" width=\"1072\" height=\"1440\" data-id=\"1451\" src=\"https:\/\/corgabriels.nl\/wp-content\/uploads\/2025\/08\/93595203_2984931348288515_8872464863650119680_n.jpg\" alt=\"\" class=\"wp-image-1451\"\/><\/figure>\n\n\n\n<figure class=\"wp-block-image size-large\"><img loading=\"lazy\" decoding=\"async\" width=\"843\" height=\"526\" data-id=\"1452\" src=\"https:\/\/corgabriels.nl\/wp-content\/uploads\/2025\/08\/99110164_10223229934878964_1200766259168280576_n.jpg\" alt=\"\" class=\"wp-image-1452\" srcset=\"https:\/\/corgabriels.nl\/wp-content\/uploads\/2025\/08\/99110164_10223229934878964_1200766259168280576_n.jpg 843w, https:\/\/corgabriels.nl\/wp-content\/uploads\/2025\/08\/99110164_10223229934878964_1200766259168280576_n-300x187.jpg 300w, https:\/\/corgabriels.nl\/wp-content\/uploads\/2025\/08\/99110164_10223229934878964_1200766259168280576_n-768x479.jpg 768w\" sizes=\"auto, (max-width: 843px) 100vw, 843px\" \/><\/figure>\n\n\n\n<figure class=\"wp-block-image size-large\"><img loading=\"lazy\" decoding=\"async\" width=\"960\" height=\"720\" data-id=\"1454\" src=\"https:\/\/corgabriels.nl\/wp-content\/uploads\/2025\/08\/129490366_10225020688566687_2002622815246620159_n.jpg\" alt=\"\" class=\"wp-image-1454\" srcset=\"https:\/\/corgabriels.nl\/wp-content\/uploads\/2025\/08\/129490366_10225020688566687_2002622815246620159_n.jpg 960w, https:\/\/corgabriels.nl\/wp-content\/uploads\/2025\/08\/129490366_10225020688566687_2002622815246620159_n-300x225.jpg 300w, https:\/\/corgabriels.nl\/wp-content\/uploads\/2025\/08\/129490366_10225020688566687_2002622815246620159_n-768x576.jpg 768w\" sizes=\"auto, (max-width: 960px) 100vw, 960px\" \/><\/figure>\n\n\n\n<figure class=\"wp-block-image size-large\"><img loading=\"lazy\" decoding=\"async\" width=\"960\" height=\"720\" data-id=\"1455\" src=\"https:\/\/corgabriels.nl\/wp-content\/uploads\/2025\/08\/129717752_10225020692166777_1791272241938491385_n.jpg\" alt=\"\" class=\"wp-image-1455\" srcset=\"https:\/\/corgabriels.nl\/wp-content\/uploads\/2025\/08\/129717752_10225020692166777_1791272241938491385_n.jpg 960w, https:\/\/corgabriels.nl\/wp-content\/uploads\/2025\/08\/129717752_10225020692166777_1791272241938491385_n-300x225.jpg 300w, https:\/\/corgabriels.nl\/wp-content\/uploads\/2025\/08\/129717752_10225020692166777_1791272241938491385_n-768x576.jpg 768w\" sizes=\"auto, (max-width: 960px) 100vw, 960px\" \/><\/figure>\n\n\n\n<figure class=\"wp-block-image size-large\"><img loading=\"lazy\" decoding=\"async\" width=\"720\" height=\"960\" data-id=\"1456\" src=\"https:\/\/corgabriels.nl\/wp-content\/uploads\/2025\/08\/129718465_10225020691726766_6197341842632972372_n.jpg\" alt=\"\" class=\"wp-image-1456\" srcset=\"https:\/\/corgabriels.nl\/wp-content\/uploads\/2025\/08\/129718465_10225020691726766_6197341842632972372_n.jpg 720w, https:\/\/corgabriels.nl\/wp-content\/uploads\/2025\/08\/129718465_10225020691726766_6197341842632972372_n-225x300.jpg 225w\" sizes=\"auto, (max-width: 720px) 100vw, 720px\" \/><\/figure>\n\n\n\n<figure class=\"wp-block-image size-large\"><img loading=\"lazy\" decoding=\"async\" width=\"1024\" height=\"768\" data-id=\"1461\" src=\"https:\/\/corgabriels.nl\/wp-content\/uploads\/2025\/08\/467497414_10236375849398611_7885699381381301327_n-1024x768.jpg\" alt=\"\" class=\"wp-image-1461\" srcset=\"https:\/\/corgabriels.nl\/wp-content\/uploads\/2025\/08\/467497414_10236375849398611_7885699381381301327_n-1024x768.jpg 1024w, https:\/\/corgabriels.nl\/wp-content\/uploads\/2025\/08\/467497414_10236375849398611_7885699381381301327_n-300x225.jpg 300w, https:\/\/corgabriels.nl\/wp-content\/uploads\/2025\/08\/467497414_10236375849398611_7885699381381301327_n-768x576.jpg 768w, https:\/\/corgabriels.nl\/wp-content\/uploads\/2025\/08\/467497414_10236375849398611_7885699381381301327_n-1536x1152.jpg 1536w, https:\/\/corgabriels.nl\/wp-content\/uploads\/2025\/08\/467497414_10236375849398611_7885699381381301327_n.jpg 2048w\" sizes=\"auto, (max-width: 1024px) 100vw, 1024px\" \/><\/figure>\n\n\n\n<figure class=\"wp-block-image size-large\"><img loading=\"lazy\" decoding=\"async\" width=\"1024\" height=\"768\" data-id=\"1458\" src=\"https:\/\/corgabriels.nl\/wp-content\/uploads\/2025\/08\/467397754_10236328316770325_659689859962487359_n-1024x768.jpg\" alt=\"\" class=\"wp-image-1458\" srcset=\"https:\/\/corgabriels.nl\/wp-content\/uploads\/2025\/08\/467397754_10236328316770325_659689859962487359_n-1024x768.jpg 1024w, https:\/\/corgabriels.nl\/wp-content\/uploads\/2025\/08\/467397754_10236328316770325_659689859962487359_n-300x225.jpg 300w, https:\/\/corgabriels.nl\/wp-content\/uploads\/2025\/08\/467397754_10236328316770325_659689859962487359_n-768x576.jpg 768w, https:\/\/corgabriels.nl\/wp-content\/uploads\/2025\/08\/467397754_10236328316770325_659689859962487359_n-1536x1152.jpg 1536w, https:\/\/corgabriels.nl\/wp-content\/uploads\/2025\/08\/467397754_10236328316770325_659689859962487359_n.jpg 2048w\" sizes=\"auto, (max-width: 1024px) 100vw, 1024px\" \/><\/figure>\n\n\n\n<figure class=\"wp-block-image size-large\"><img loading=\"lazy\" decoding=\"async\" width=\"1024\" height=\"768\" data-id=\"1460\" src=\"https:\/\/corgabriels.nl\/wp-content\/uploads\/2025\/08\/467462003_10236328316850327_8205828791930617715_n-1024x768.jpg\" alt=\"\" class=\"wp-image-1460\" srcset=\"https:\/\/corgabriels.nl\/wp-content\/uploads\/2025\/08\/467462003_10236328316850327_8205828791930617715_n-1024x768.jpg 1024w, https:\/\/corgabriels.nl\/wp-content\/uploads\/2025\/08\/467462003_10236328316850327_8205828791930617715_n-300x225.jpg 300w, https:\/\/corgabriels.nl\/wp-content\/uploads\/2025\/08\/467462003_10236328316850327_8205828791930617715_n-768x576.jpg 768w, https:\/\/corgabriels.nl\/wp-content\/uploads\/2025\/08\/467462003_10236328316850327_8205828791930617715_n-1536x1152.jpg 1536w, https:\/\/corgabriels.nl\/wp-content\/uploads\/2025\/08\/467462003_10236328316850327_8205828791930617715_n.jpg 2048w\" sizes=\"auto, (max-width: 1024px) 100vw, 1024px\" \/><\/figure>\n\n\n\n<figure class=\"wp-block-image size-large\"><img loading=\"lazy\" decoding=\"async\" width=\"960\" height=\"720\" data-id=\"1457\" src=\"https:\/\/corgabriels.nl\/wp-content\/uploads\/2025\/08\/465050053_9213063592056376_5349762674866066900_n.jpg\" alt=\"\" class=\"wp-image-1457\" srcset=\"https:\/\/corgabriels.nl\/wp-content\/uploads\/2025\/08\/465050053_9213063592056376_5349762674866066900_n.jpg 960w, https:\/\/corgabriels.nl\/wp-content\/uploads\/2025\/08\/465050053_9213063592056376_5349762674866066900_n-300x225.jpg 300w, https:\/\/corgabriels.nl\/wp-content\/uploads\/2025\/08\/465050053_9213063592056376_5349762674866066900_n-768x576.jpg 768w\" sizes=\"auto, (max-width: 960px) 100vw, 960px\" \/><\/figure>\n\n\n\n<figure class=\"wp-block-image size-large\"><img loading=\"lazy\" decoding=\"async\" width=\"1024\" height=\"768\" data-id=\"1459\" src=\"https:\/\/corgabriels.nl\/wp-content\/uploads\/2025\/08\/467403823_10236319692994736_1769500280202277235_n-1024x768.jpg\" alt=\"\" class=\"wp-image-1459\" srcset=\"https:\/\/corgabriels.nl\/wp-content\/uploads\/2025\/08\/467403823_10236319692994736_1769500280202277235_n-1024x768.jpg 1024w, https:\/\/corgabriels.nl\/wp-content\/uploads\/2025\/08\/467403823_10236319692994736_1769500280202277235_n-300x225.jpg 300w, https:\/\/corgabriels.nl\/wp-content\/uploads\/2025\/08\/467403823_10236319692994736_1769500280202277235_n-768x576.jpg 768w, https:\/\/corgabriels.nl\/wp-content\/uploads\/2025\/08\/467403823_10236319692994736_1769500280202277235_n-1536x1152.jpg 1536w, https:\/\/corgabriels.nl\/wp-content\/uploads\/2025\/08\/467403823_10236319692994736_1769500280202277235_n.jpg 2048w\" sizes=\"auto, (max-width: 1024px) 100vw, 1024px\" \/><\/figure>\n\n\n\n<figure class=\"wp-block-image size-large\"><img loading=\"lazy\" decoding=\"async\" width=\"1024\" height=\"768\" data-id=\"1462\" src=\"https:\/\/corgabriels.nl\/wp-content\/uploads\/2025\/08\/467506269_10236331070799174_7764450808818393031_n-1024x768.jpg\" alt=\"\" class=\"wp-image-1462\" srcset=\"https:\/\/corgabriels.nl\/wp-content\/uploads\/2025\/08\/467506269_10236331070799174_7764450808818393031_n-1024x768.jpg 1024w, https:\/\/corgabriels.nl\/wp-content\/uploads\/2025\/08\/467506269_10236331070799174_7764450808818393031_n-300x225.jpg 300w, https:\/\/corgabriels.nl\/wp-content\/uploads\/2025\/08\/467506269_10236331070799174_7764450808818393031_n-768x576.jpg 768w, https:\/\/corgabriels.nl\/wp-content\/uploads\/2025\/08\/467506269_10236331070799174_7764450808818393031_n-1536x1152.jpg 1536w, https:\/\/corgabriels.nl\/wp-content\/uploads\/2025\/08\/467506269_10236331070799174_7764450808818393031_n.jpg 2048w\" sizes=\"auto, (max-width: 1024px) 100vw, 1024px\" \/><\/figure>\n\n\n\n<figure class=\"wp-block-image size-large\"><img loading=\"lazy\" decoding=\"async\" width=\"1024\" height=\"768\" data-id=\"1463\" src=\"https:\/\/corgabriels.nl\/wp-content\/uploads\/2025\/08\/467544262_10236331070639170_3497301408878124287_n-1024x768.jpg\" alt=\"\" class=\"wp-image-1463\" srcset=\"https:\/\/corgabriels.nl\/wp-content\/uploads\/2025\/08\/467544262_10236331070639170_3497301408878124287_n-1024x768.jpg 1024w, https:\/\/corgabriels.nl\/wp-content\/uploads\/2025\/08\/467544262_10236331070639170_3497301408878124287_n-300x225.jpg 300w, https:\/\/corgabriels.nl\/wp-content\/uploads\/2025\/08\/467544262_10236331070639170_3497301408878124287_n-768x576.jpg 768w, https:\/\/corgabriels.nl\/wp-content\/uploads\/2025\/08\/467544262_10236331070639170_3497301408878124287_n-1536x1152.jpg 1536w, https:\/\/corgabriels.nl\/wp-content\/uploads\/2025\/08\/467544262_10236331070639170_3497301408878124287_n.jpg 2048w\" sizes=\"auto, (max-width: 1024px) 100vw, 1024px\" \/><\/figure>\n\n\n\n<figure class=\"wp-block-image size-large\"><img loading=\"lazy\" decoding=\"async\" width=\"1024\" height=\"768\" data-id=\"1464\" src=\"https:\/\/corgabriels.nl\/wp-content\/uploads\/2025\/08\/467544341_10236319691554700_8377378472012742149_n-1024x768.jpg\" alt=\"\" class=\"wp-image-1464\" srcset=\"https:\/\/corgabriels.nl\/wp-content\/uploads\/2025\/08\/467544341_10236319691554700_8377378472012742149_n-1024x768.jpg 1024w, https:\/\/corgabriels.nl\/wp-content\/uploads\/2025\/08\/467544341_10236319691554700_8377378472012742149_n-300x225.jpg 300w, https:\/\/corgabriels.nl\/wp-content\/uploads\/2025\/08\/467544341_10236319691554700_8377378472012742149_n-768x576.jpg 768w, https:\/\/corgabriels.nl\/wp-content\/uploads\/2025\/08\/467544341_10236319691554700_8377378472012742149_n-1536x1152.jpg 1536w, https:\/\/corgabriels.nl\/wp-content\/uploads\/2025\/08\/467544341_10236319691554700_8377378472012742149_n.jpg 2048w\" sizes=\"auto, (max-width: 1024px) 100vw, 1024px\" \/><\/figure>\n\n\n\n<figure class=\"wp-block-image size-large\"><img loading=\"lazy\" decoding=\"async\" width=\"1024\" height=\"768\" data-id=\"1465\" src=\"https:\/\/corgabriels.nl\/wp-content\/uploads\/2025\/08\/467753544_10236371089079606_5512198198646491167_n-1024x768.jpg\" alt=\"\" class=\"wp-image-1465\" srcset=\"https:\/\/corgabriels.nl\/wp-content\/uploads\/2025\/08\/467753544_10236371089079606_5512198198646491167_n-1024x768.jpg 1024w, https:\/\/corgabriels.nl\/wp-content\/uploads\/2025\/08\/467753544_10236371089079606_5512198198646491167_n-300x225.jpg 300w, https:\/\/corgabriels.nl\/wp-content\/uploads\/2025\/08\/467753544_10236371089079606_5512198198646491167_n-768x576.jpg 768w, https:\/\/corgabriels.nl\/wp-content\/uploads\/2025\/08\/467753544_10236371089079606_5512198198646491167_n-1536x1152.jpg 1536w, https:\/\/corgabriels.nl\/wp-content\/uploads\/2025\/08\/467753544_10236371089079606_5512198198646491167_n.jpg 2048w\" sizes=\"auto, (max-width: 1024px) 100vw, 1024px\" \/><\/figure>\n\n\n\n<figure class=\"wp-block-image size-large\"><img loading=\"lazy\" decoding=\"async\" width=\"960\" height=\"720\" data-id=\"1466\" src=\"https:\/\/corgabriels.nl\/wp-content\/uploads\/2025\/08\/475835277_10237603575130987_8379086853426657472_n.jpg\" alt=\"\" class=\"wp-image-1466\" srcset=\"https:\/\/corgabriels.nl\/wp-content\/uploads\/2025\/08\/475835277_10237603575130987_8379086853426657472_n.jpg 960w, https:\/\/corgabriels.nl\/wp-content\/uploads\/2025\/08\/475835277_10237603575130987_8379086853426657472_n-300x225.jpg 300w, https:\/\/corgabriels.nl\/wp-content\/uploads\/2025\/08\/475835277_10237603575130987_8379086853426657472_n-768x576.jpg 768w\" sizes=\"auto, (max-width: 960px) 100vw, 960px\" \/><\/figure>\n\n\n\n<figure class=\"wp-block-image size-large\"><img loading=\"lazy\" decoding=\"async\" width=\"768\" height=\"1024\" data-id=\"1467\" src=\"https:\/\/corgabriels.nl\/wp-content\/uploads\/2025\/08\/499585085_10239615551189131_3059721523464135205_n-768x1024.jpg\" alt=\"\" class=\"wp-image-1467\" srcset=\"https:\/\/corgabriels.nl\/wp-content\/uploads\/2025\/08\/499585085_10239615551189131_3059721523464135205_n-768x1024.jpg 768w, https:\/\/corgabriels.nl\/wp-content\/uploads\/2025\/08\/499585085_10239615551189131_3059721523464135205_n-225x300.jpg 225w, https:\/\/corgabriels.nl\/wp-content\/uploads\/2025\/08\/499585085_10239615551189131_3059721523464135205_n-1152x1536.jpg 1152w, https:\/\/corgabriels.nl\/wp-content\/uploads\/2025\/08\/499585085_10239615551189131_3059721523464135205_n.jpg 1536w\" sizes=\"auto, (max-width: 768px) 100vw, 768px\" \/><\/figure>\n\n\n\n<figure class=\"wp-block-image size-large\"><img loading=\"lazy\" decoding=\"async\" width=\"1024\" height=\"768\" data-id=\"1468\" src=\"https:\/\/corgabriels.nl\/wp-content\/uploads\/2025\/08\/505410471_9677059445749414_4558161599940069457_n-1024x768.jpg\" alt=\"\" class=\"wp-image-1468\" srcset=\"https:\/\/corgabriels.nl\/wp-content\/uploads\/2025\/08\/505410471_9677059445749414_4558161599940069457_n-1024x768.jpg 1024w, https:\/\/corgabriels.nl\/wp-content\/uploads\/2025\/08\/505410471_9677059445749414_4558161599940069457_n-300x225.jpg 300w, https:\/\/corgabriels.nl\/wp-content\/uploads\/2025\/08\/505410471_9677059445749414_4558161599940069457_n-768x576.jpg 768w, https:\/\/corgabriels.nl\/wp-content\/uploads\/2025\/08\/505410471_9677059445749414_4558161599940069457_n-1536x1152.jpg 1536w, https:\/\/corgabriels.nl\/wp-content\/uploads\/2025\/08\/505410471_9677059445749414_4558161599940069457_n.jpg 2048w\" sizes=\"auto, (max-width: 1024px) 100vw, 1024px\" \/><\/figure>\n\n\n\n<figure class=\"wp-block-image size-large\"><img loading=\"lazy\" decoding=\"async\" width=\"816\" height=\"612\" data-id=\"1469\" src=\"https:\/\/corgabriels.nl\/wp-content\/uploads\/2025\/08\/505732858_9659278144181727_7484398025135641149_n.jpg\" alt=\"\" class=\"wp-image-1469\" srcset=\"https:\/\/corgabriels.nl\/wp-content\/uploads\/2025\/08\/505732858_9659278144181727_7484398025135641149_n.jpg 816w, https:\/\/corgabriels.nl\/wp-content\/uploads\/2025\/08\/505732858_9659278144181727_7484398025135641149_n-300x225.jpg 300w, https:\/\/corgabriels.nl\/wp-content\/uploads\/2025\/08\/505732858_9659278144181727_7484398025135641149_n-768x576.jpg 768w\" sizes=\"auto, (max-width: 816px) 100vw, 816px\" \/><\/figure>\n\n\n\n<figure class=\"wp-block-image size-large\"><img loading=\"lazy\" decoding=\"async\" width=\"816\" height=\"612\" data-id=\"1470\" src=\"https:\/\/corgabriels.nl\/wp-content\/uploads\/2025\/08\/506394157_9659278324181709_2311891669817868546_n.jpg\" alt=\"\" class=\"wp-image-1470\" srcset=\"https:\/\/corgabriels.nl\/wp-content\/uploads\/2025\/08\/506394157_9659278324181709_2311891669817868546_n.jpg 816w, https:\/\/corgabriels.nl\/wp-content\/uploads\/2025\/08\/506394157_9659278324181709_2311891669817868546_n-300x225.jpg 300w, https:\/\/corgabriels.nl\/wp-content\/uploads\/2025\/08\/506394157_9659278324181709_2311891669817868546_n-768x576.jpg 768w\" sizes=\"auto, (max-width: 816px) 100vw, 816px\" \/><\/figure>\n\n\n\n<figure class=\"wp-block-image size-large\"><img loading=\"lazy\" decoding=\"async\" width=\"960\" height=\"540\" data-id=\"1471\" src=\"https:\/\/corgabriels.nl\/wp-content\/uploads\/2025\/08\/508880039_10048168735272786_1157977057347605987_n.jpg\" alt=\"\" class=\"wp-image-1471\" srcset=\"https:\/\/corgabriels.nl\/wp-content\/uploads\/2025\/08\/508880039_10048168735272786_1157977057347605987_n.jpg 960w, https:\/\/corgabriels.nl\/wp-content\/uploads\/2025\/08\/508880039_10048168735272786_1157977057347605987_n-300x169.jpg 300w, https:\/\/corgabriels.nl\/wp-content\/uploads\/2025\/08\/508880039_10048168735272786_1157977057347605987_n-768x432.jpg 768w\" sizes=\"auto, (max-width: 960px) 100vw, 960px\" \/><\/figure>\n\n\n\n<figure class=\"wp-block-image size-large\"><img loading=\"lazy\" decoding=\"async\" width=\"768\" height=\"1024\" data-id=\"1472\" src=\"https:\/\/corgabriels.nl\/wp-content\/uploads\/2025\/08\/509599186_10239615548189056_7552498840401606324_n-768x1024.jpg\" alt=\"\" class=\"wp-image-1472\" srcset=\"https:\/\/corgabriels.nl\/wp-content\/uploads\/2025\/08\/509599186_10239615548189056_7552498840401606324_n-768x1024.jpg 768w, https:\/\/corgabriels.nl\/wp-content\/uploads\/2025\/08\/509599186_10239615548189056_7552498840401606324_n-225x300.jpg 225w, https:\/\/corgabriels.nl\/wp-content\/uploads\/2025\/08\/509599186_10239615548189056_7552498840401606324_n-1152x1536.jpg 1152w, https:\/\/corgabriels.nl\/wp-content\/uploads\/2025\/08\/509599186_10239615548189056_7552498840401606324_n.jpg 1536w\" sizes=\"auto, (max-width: 768px) 100vw, 768px\" \/><\/figure>\n\n\n\n<figure class=\"wp-block-image size-large\"><img loading=\"lazy\" decoding=\"async\" width=\"768\" height=\"1024\" data-id=\"1473\" src=\"https:\/\/corgabriels.nl\/wp-content\/uploads\/2025\/08\/509602658_10239615550469113_636590962208673087_n-768x1024.jpg\" alt=\"\" class=\"wp-image-1473\" srcset=\"https:\/\/corgabriels.nl\/wp-content\/uploads\/2025\/08\/509602658_10239615550469113_636590962208673087_n-768x1024.jpg 768w, https:\/\/corgabriels.nl\/wp-content\/uploads\/2025\/08\/509602658_10239615550469113_636590962208673087_n-225x300.jpg 225w, https:\/\/corgabriels.nl\/wp-content\/uploads\/2025\/08\/509602658_10239615550469113_636590962208673087_n-1152x1536.jpg 1152w, https:\/\/corgabriels.nl\/wp-content\/uploads\/2025\/08\/509602658_10239615550469113_636590962208673087_n.jpg 1536w\" sizes=\"auto, (max-width: 768px) 100vw, 768px\" \/><\/figure>\n<\/figure>\n","protected":false},"excerpt":{"rendered":"<p>Opgericht : Februari 2015Initiatiefnemer : Cor Gabri\u00eblsVrijwilligers : Petra en Ad Jongeneelen, D\u00e9sir\u00e9e en Bernd Missal, Cor en Lia Gabri\u00ebls en andere ad hoc vrijwilligersLokatie : Roosendaal, wijk Tolberg, DruivenbergOpeningstijden [&hellip;]<\/p>\n","protected":false},"author":1,"featured_media":261,"parent":0,"menu_order":0,"comment_status":"closed","ping_status":"closed","template":"","meta":{"_exactmetrics_skip_tracking":false,"_exactmetrics_sitenote_active":false,"_exactmetrics_sitenote_note":"","_exactmetrics_sitenote_category":0,"footnotes":""},"class_list":["post-56","page","type-page","status-publish","has-post-thumbnail","hentry"],"_links":{"self":[{"href":"https:\/\/corgabriels.nl\/index.php?rest_route=\/wp\/v2\/pages\/56","targetHints":{"allow":["GET"]}}],"collection":[{"href":"https:\/\/corgabriels.nl\/index.php?rest_route=\/wp\/v2\/pages"}],"about":[{"href":"https:\/\/corgabriels.nl\/index.php?rest_route=\/wp\/v2\/types\/page"}],"author":[{"embeddable":true,"href":"https:\/\/corgabriels.nl\/index.php?rest_route=\/wp\/v2\/users\/1"}],"replies":[{"embeddable":true,"href":"https:\/\/corgabriels.nl\/index.php?rest_route=%2Fwp%2Fv2%2Fcomments&post=56"}],"version-history":[{"count":21,"href":"https:\/\/corgabriels.nl\/index.php?rest_route=\/wp\/v2\/pages\/56\/revisions"}],"predecessor-version":[{"id":1474,"href":"https:\/\/corgabriels.nl\/index.php?rest_route=\/wp\/v2\/pages\/56\/revisions\/1474"}],"wp:featuredmedia":[{"embeddable":true,"href":"https:\/\/corgabriels.nl\/index.php?rest_route=\/wp\/v2\/media\/261"}],"wp:attachment":[{"href":"https:\/\/corgabriels.nl\/index.php?rest_route=%2Fwp%2Fv2%2Fmedia&parent=56"}],"curies":[{"name":"wp","href":"https:\/\/api.w.org\/{rel}","templated":true}]}}